{"id":10082,"date":"2018-07-25T21:59:13","date_gmt":"2018-07-25T21:59:13","guid":{"rendered":"https:\/\/kolios.gr\/?page_id=10082"},"modified":"2019-10-14T12:16:17","modified_gmt":"2019-10-14T09:16:17","slug":"pdo","status":"publish","type":"page","link":"https:\/\/www.kolios.gr\/en\/pdo\/","title":{"rendered":"What PDO really means?"},"content":{"rendered":"<div class=\"wpb-content-wrapper\"><p>[vc_row css=&#8221;.vc_custom_1484220390430{padding-bottom: 14px !important;}&#8221;][vc_column css=&#8221;.vc_custom_1474295111708{padding-top: 0px !important;}&#8221;][vc_row_inner row_content_width=&#8221;grid&#8221;][vc_column_inner offset=&#8221;vc_col-lg-7&#8243;]<div class=\"eltdf-elements-holder eltdf-responsive-mode-768\" ><div class=\"eltdf-eh-item \" data-item-class=\"eltdf-eh-custom-363091\" data-768-1024=\"120px 15% 8% 0%\" data-480=\"120px 0% 14% 0%\" >\n\t<div class=\"eltdf-eh-item-inner\" >\n\t\t<div class=\"eltdf-eh-item-content eltdf-eh-custom-363091\" style=\"padding: 120px 15% 14% 0%\">\n\t\t\t[vc_single_image image=&#8221;8764&#8243; img_size=&#8221;full&#8221;][vc_empty_space height=&#8221;30&#8243;][vc_custom_heading text=&#8221;What PDO really means?&#8221; font_container=&#8221;tag:h2|font_size:30px|text_align:left|color:%23363636|line_height:34px&#8221; google_fonts=&#8221;font_family:Signika%3A300%2Cregular%2C600%2C700|font_style:700%20bold%20regular%3A700%3Anormal&#8221;][vc_column_text]<\/p>\n<p class=\"p2\"><span class=\"s2\"><i>Protected Designation of Origin (P.D.O.), Denominazione d&#8217; Origine Protetta (D.O.P.),<\/i><\/span><\/p>\n<p class=\"p2\"><span class=\"s2\"><i>Appellation d&#8217; Origine Prot\u00e9g\u00e9e (A.O.P.), Gesch\u00fctzte Ursprungsbezeichnung (g.U.)<\/i><\/span><\/p>\n<p>[\/vc_column_text][vc_empty_space height=&#8221;16&#8243;][vc_column_text]<\/p>\n<p class=\"p2\"><span class=\"s2\">*P.D.O. stands for Protected Designation of Origin (P.D.O.) according to the E.U. Council&#8217;s Regulation 2081\/92\/EEC on the &#8220;Protection of Geographical Indications and Designations of Origin for agricultural products and foodstuff&#8221;. The cheeses which are referred to as Protected Designation of Origin (P.D.O.) derive from a certain area and their quality is related to the specific environment of origin. They are produced, processed and prepared in a given geographical area, from a given kind of milk, using recognised know-how.<\/span><\/p>\n<p>[\/vc_column_text][vc_empty_space height=&#8221;50&#8243;]\t\t<\/div>\n\t<\/div>\n<\/div><\/div>[\/vc_column_inner][vc_column_inner offset=&#8221;vc_col-lg-5&#8243;]<div class=\"eltdf-elements-holder eltdf-responsive-mode-768\" ><div class=\"eltdf-eh-item \" data-item-class=\"eltdf-eh-custom-456926\" data-1024-1280=\"21% 0% 10% 0%\" data-768-1024=\"0% 19% 10% 0%\" data-600-768=\"5% 12% 10% 0%\" data-480=\"11% 0% 20% 0%\" >\n\t<div class=\"eltdf-eh-item-inner\" >\n\t\t<div class=\"eltdf-eh-item-content eltdf-eh-custom-456926\" style=\"padding: 11% 0% 10% 0% \">\n\t\t\t<div class=\"eltdf-animation-holder eltdf-fade-in-down\" data-animation=\"eltdf-fade-in-down\" data-animation-delay=\"500\"><div class=\"eltdf-animation-inner\">[vc_empty_space height=&#8221;230px&#8221;][vc_custom_heading text=&#8221;Meet all our protected designation of origin products.&#8221; font_container=&#8221;tag:h2|font_size:30px|text_align:left|color:%23363636|line_height:34px&#8221; google_fonts=&#8221;font_family:Signika%3A300%2Cregular%2C600%2C700|font_style:700%20bold%20regular%3A700%3Anormal&#8221;][vc_column_text]<\/p>\n<ol>\n<li>FETA PDO<\/li>\n<li>Kasseri PDO<\/li>\n<li>Manouri PDO<\/li>\n<li>Kefalograviera Amfilochias PDO<\/li>\n<\/ol>\n<p>[\/vc_column_text][vc_empty_space height=&#8221;16&#8243;]<a itemprop=\"url\" href=\"https:\/\/www.kolios.gr\/our_products\/pdo-products\/\" target=\"_self\"  class=\"eltdf-btn eltdf-btn-small eltdf-btn-solid eltdf-btn-animation\"  >\n    <span class=\"eltdf-btn-text\">\n    LEARN MORE        \t<span class=\"eltdf-btn-bottom-line\"><\/span>\n    \t<span class=\"eltdf-btn-upper-line\"><\/span>\n        <\/span>\n    <\/a><\/div><\/div>\t\t<\/div>\n\t<\/div>\n<\/div><\/div>[\/vc_column_inner][\/vc_row_inner][\/vc_column][\/vc_row][vc_row row_type=&#8221;parallax&#8221; content_text_aligment=&#8221;center&#8221; parallax_background_image=&#8221;8840&#8243; css=&#8221;.vc_custom_1537786955491{padding-top: 80px !important;padding-bottom: 80px !important;}&#8221;][vc_column css=&#8221;.vc_custom_1474285720223{padding-top: 0px !important;}&#8221;]<div class=\"eltdf-elements-holder eltdf-responsive-mode-768\" ><div class=\"eltdf-eh-item \" data-item-class=\"eltdf-eh-custom-810883\" data-1280-1600=\"0 18% 0 18%\" data-1024-1280=\"0 14% 0 14%\" data-600-768=\"0 13% 0 13%\" data-480=\"0 9% 0 9%\" >\n\t<div class=\"eltdf-eh-item-inner\" >\n\t\t<div class=\"eltdf-eh-item-content eltdf-eh-custom-810883\" style=\"padding: 0 23% 0 23%\">\n\t\t\t[vc_single_image image=&#8221;10872&#8243; img_size=&#8221;&#8221; alignment=&#8221;center&#8221; css_animation=&#8221;fadeInDown&#8221;]<div class=\"eltdf-section-title-holder\" >\n\t\t\t\t<h5 class=\"eltdf-st-text\" style=\"color: #ffffff\">How to spot the authentic FETA PDO cheese!<\/h5>\n\t<\/div>[vc_empty_space height=&#8221;32&#8243;]<a itemprop=\"url\" href=\"https:\/\/www.kolios.gr\/15facts-about-feta-pdo-cheese\/\" target=\"_self\" style=\"background-color: #2f3579;border-color: #2f3579\" class=\"eltdf-btn eltdf-btn-medium eltdf-btn-solid eltdf-btn-custom-hover-bg eltdf-btn-custom-border-hover eltdf-btn-animation\" data-hover-bg-color=\"#2f3579\" data-hover-border-color=\"#2f3579\" >\n    <span class=\"eltdf-btn-text\">\n    VIEW MORE        \t<span class=\"eltdf-btn-bottom-line\"><\/span>\n    \t<span class=\"eltdf-btn-upper-line\"><\/span>\n        <\/span>\n    <\/a>\t\t<\/div>\n\t<\/div>\n<\/div><\/div>[\/vc_column][\/vc_row]<\/p>\n<\/div>","protected":false},"excerpt":{"rendered":"<p>[vc_row css=&#8221;.vc_custom_1484220390430{padding-bottom: 14px !important;}&#8221;][vc_column css=&#8221;.vc_custom_1474295111708{padding-top: 0px !important;}&#8221;][vc_row_inner row_content_width=&#8221;grid&#8221;][vc_column_inner offset=&#8221;vc_col-lg-7&#8243;][\/vc_column_inner][vc_column_inner offset=&#8221;vc_col-lg-5&#8243;][\/vc_column_inner][\/vc_row_inner][\/vc_column][\/vc_row][vc_row row_type=&#8221;parallax&#8221; content_text_aligment=&#8221;center&#8221; parallax_background_image=&#8221;8840&#8243; css=&#8221;.vc_custom_1537786955491{padding-top: 80px !important;padding-bottom: 80px !important;}&#8221;][vc_column css=&#8221;.vc_custom_1474285720223{padding-top: 0px !important;}&#8221;][\/vc_column][\/vc_row]<\/p>\n","protected":false},"author":1,"featured_media":0,"parent":0,"menu_order":0,"comment_status":"closed","ping_status":"closed","template":"full-width.php","meta":{"footnotes":""},"class_list":["post-10082","page","type-page","status-publish","hentry"],"yoast_head":"<!-- This site is optimized with the Yoast SEO plugin v27.6 - https:\/\/yoast.com\/product\/yoast-seo-wordpress\/ -->\n<title>What PDO really means? - KOLIOS S.A. Greek Dairy<\/title>\n<meta name=\"robots\" content=\"index, follow, max-snippet:-1, max-image-preview:large, max-video-preview:-1\" \/>\n<link rel=\"canonical\" href=\"https:\/\/www.kolios.gr\/en\/pdo\/\" \/>\n<meta property=\"og:locale\" content=\"en_US\" \/>\n<meta property=\"og:locale:alternate\" content=\"el\" \/>\n<meta property=\"og:type\" content=\"article\" \/>\n<meta property=\"og:title\" content=\"What PDO really means?\" \/>\n<meta property=\"og:description\" content=\"[vc_row css=&#8221;.vc_custom_1484220390430{padding-bottom: 14px !important;}&#8221;][vc_column css=&#8221;.vc_custom_1474295111708{padding-top: 0px !important;}&#8221;][vc_row_inner row_content_width=&#8221;grid&#8221;][vc_column_inner offset=&#8221;vc_col-lg-7&#8243;][\/vc_column_inner][vc_column_inner offset=&#8221;vc_col-lg-5&#8243;][\/vc_column_inner][\/vc_row_inner][\/vc_column][\/vc_row][vc_row row_type=&#8221;parallax&#8221; content_text_aligment=&#8221;center&#8221; parallax_background_image=&#8221;8840&#8243; css=&#8221;.vc_custom_1537786955491{padding-top: 80px !important;padding-bottom: 80px !important;}&#8221;][vc_column css=&#8221;.vc_custom_1474285720223{padding-top: 0px !important;}&#8221;][\/vc_column][\/vc_row]\" \/>\n<meta property=\"og:url\" content=\"https:\/\/www.kolios.gr\/en\/pdo\/\" \/>\n<meta property=\"og:site_name\" content=\"KOLIOS S.A. Greek Dairy\" \/>\n<meta property=\"article:publisher\" content=\"https:\/\/www.facebook.com\/KoliosGreekDairy\/\" \/>\n<meta property=\"article:modified_time\" content=\"2019-10-14T09:16:17+00:00\" \/>\n<meta name=\"twitter:card\" content=\"summary_large_image\" \/>\n<meta name=\"twitter:label1\" content=\"Est. reading time\" \/>\n\t<meta name=\"twitter:data1\" content=\"5 minutes\" \/>\n<script type=\"application\/ld+json\" class=\"yoast-schema-graph\">{\"@context\":\"https:\\\/\\\/schema.org\",\"@graph\":[{\"@type\":\"WebPage\",\"@id\":\"https:\\\/\\\/www.kolios.gr\\\/el\\\/pdo\\\/\",\"url\":\"https:\\\/\\\/www.kolios.gr\\\/el\\\/pdo\\\/\",\"name\":\"What PDO really means?\",\"isPartOf\":{\"@id\":\"https:\\\/\\\/www.kolios.gr\\\/en\\\/#website\"},\"datePublished\":\"2018-07-25T21:59:13+00:00\",\"dateModified\":\"2019-10-14T09:16:17+00:00\",\"breadcrumb\":{\"@id\":\"https:\\\/\\\/www.kolios.gr\\\/el\\\/pdo\\\/#breadcrumb\"},\"inLanguage\":\"en-US\",\"potentialAction\":[{\"@type\":\"ReadAction\",\"target\":[\"https:\\\/\\\/www.kolios.gr\\\/el\\\/pdo\\\/\"]}]},{\"@type\":\"BreadcrumbList\",\"@id\":\"https:\\\/\\\/www.kolios.gr\\\/el\\\/pdo\\\/#breadcrumb\",\"itemListElement\":[{\"@type\":\"ListItem\",\"position\":1,\"name\":\"Home\",\"item\":\"https:\\\/\\\/www.kolios.gr\\\/en\\\/\"},{\"@type\":\"ListItem\",\"position\":2,\"name\":\"\u03a4\u03b9 \u03c3\u03b7\u03bc\u03b1\u03af\u03bd\u03b5\u03b9 \u03a0.\u039f.\u03a0.;\"}]},{\"@type\":\"WebSite\",\"@id\":\"https:\\\/\\\/www.kolios.gr\\\/en\\\/#website\",\"url\":\"https:\\\/\\\/www.kolios.gr\\\/en\\\/\",\"name\":\"KOLIOS S.A. Greek Dairy\",\"description\":\"Authentic Greek Taste since 1948\",\"publisher\":{\"@id\":\"https:\\\/\\\/www.kolios.gr\\\/en\\\/#organization\"},\"potentialAction\":[{\"@type\":\"SearchAction\",\"target\":{\"@type\":\"EntryPoint\",\"urlTemplate\":\"https:\\\/\\\/www.kolios.gr\\\/en\\\/?s={search_term_string}\"},\"query-input\":{\"@type\":\"PropertyValueSpecification\",\"valueRequired\":true,\"valueName\":\"search_term_string\"}}],\"inLanguage\":\"en-US\"},{\"@type\":\"Organization\",\"@id\":\"https:\\\/\\\/www.kolios.gr\\\/en\\\/#organization\",\"name\":\"KOLIOS S.A. Greek Dairy\",\"url\":\"https:\\\/\\\/www.kolios.gr\\\/en\\\/\",\"logo\":{\"@type\":\"ImageObject\",\"inLanguage\":\"en-US\",\"@id\":\"https:\\\/\\\/www.kolios.gr\\\/en\\\/#\\\/schema\\\/logo\\\/image\\\/\",\"url\":\"https:\\\/\\\/www.kolios.gr\\\/wp-content\\\/uploads\\\/2018\\\/06\\\/KOLIOS-LOGO2-2.png\",\"contentUrl\":\"https:\\\/\\\/www.kolios.gr\\\/wp-content\\\/uploads\\\/2018\\\/06\\\/KOLIOS-LOGO2-2.png\",\"width\":366,\"height\":130,\"caption\":\"KOLIOS S.A. Greek Dairy\"},\"image\":{\"@id\":\"https:\\\/\\\/www.kolios.gr\\\/en\\\/#\\\/schema\\\/logo\\\/image\\\/\"},\"sameAs\":[\"https:\\\/\\\/www.facebook.com\\\/KoliosGreekDairy\\\/\",\"https:\\\/\\\/www.instagram.com\\\/kolios.gr\\\/\",\"https:\\\/\\\/www.linkedin.com\\\/company\\\/kolios-s-a-\"]}]}<\/script>\n<!-- \/ Yoast SEO plugin. -->","yoast_head_json":{"title":"What PDO really means? - KOLIOS S.A. Greek Dairy","robots":{"index":"index","follow":"follow","max-snippet":"max-snippet:-1","max-image-preview":"max-image-preview:large","max-video-preview":"max-video-preview:-1"},"canonical":"https:\/\/www.kolios.gr\/en\/pdo\/","og_locale":"en_US","og_type":"article","og_title":"[:en]What PDO really means?[:el]\u03a4\u03b9 \u03c3\u03b7\u03bc\u03b1\u03af\u03bd\u03b5\u03b9 \u03a0.\u039f.\u03a0.;[:] - KOLIOS S.A. Greek Dairy","og_description":"[vc_row css=&#8221;.vc_custom_1484220390430{padding-bottom: 14px !important;}&#8221;][vc_column css=&#8221;.vc_custom_1474295111708{padding-top: 0px !important;}&#8221;][vc_row_inner row_content_width=&#8221;grid&#8221;][vc_column_inner offset=&#8221;vc_col-lg-7&#8243;][\/vc_column_inner][vc_column_inner offset=&#8221;vc_col-lg-5&#8243;][\/vc_column_inner][\/vc_row_inner][\/vc_column][\/vc_row][vc_row row_type=&#8221;parallax&#8221; content_text_aligment=&#8221;center&#8221; parallax_background_image=&#8221;8840&#8243; css=&#8221;.vc_custom_1537786955491{padding-top: 80px !important;padding-bottom: 80px !important;}&#8221;][vc_column css=&#8221;.vc_custom_1474285720223{padding-top: 0px !important;}&#8221;][\/vc_column][\/vc_row]","og_url":"https:\/\/www.kolios.gr\/en\/pdo\/","og_site_name":"KOLIOS S.A. Greek Dairy","article_publisher":"https:\/\/www.facebook.com\/KoliosGreekDairy\/","article_modified_time":"2019-10-14T09:16:17+00:00","twitter_card":"summary_large_image","twitter_misc":{"Est. reading time":"5 minutes"},"schema":{"@context":"https:\/\/schema.org","@graph":[{"@type":"WebPage","@id":"https:\/\/www.kolios.gr\/el\/pdo\/","url":"https:\/\/www.kolios.gr\/el\/pdo\/","name":"What PDO really means?","isPartOf":{"@id":"https:\/\/www.kolios.gr\/en\/#website"},"datePublished":"2018-07-25T21:59:13+00:00","dateModified":"2019-10-14T09:16:17+00:00","breadcrumb":{"@id":"https:\/\/www.kolios.gr\/el\/pdo\/#breadcrumb"},"inLanguage":"en-US","potentialAction":[{"@type":"ReadAction","target":["https:\/\/www.kolios.gr\/el\/pdo\/"]}]},{"@type":"BreadcrumbList","@id":"https:\/\/www.kolios.gr\/el\/pdo\/#breadcrumb","itemListElement":[{"@type":"ListItem","position":1,"name":"Home","item":"https:\/\/www.kolios.gr\/en\/"},{"@type":"ListItem","position":2,"name":"\u03a4\u03b9 \u03c3\u03b7\u03bc\u03b1\u03af\u03bd\u03b5\u03b9 \u03a0.\u039f.\u03a0.;"}]},{"@type":"WebSite","@id":"https:\/\/www.kolios.gr\/en\/#website","url":"https:\/\/www.kolios.gr\/en\/","name":"KOLIOS S.A. Greek Dairy","description":"Authentic Greek Taste since 1948","publisher":{"@id":"https:\/\/www.kolios.gr\/en\/#organization"},"potentialAction":[{"@type":"SearchAction","target":{"@type":"EntryPoint","urlTemplate":"https:\/\/www.kolios.gr\/en\/?s={search_term_string}"},"query-input":{"@type":"PropertyValueSpecification","valueRequired":true,"valueName":"search_term_string"}}],"inLanguage":"en-US"},{"@type":"Organization","@id":"https:\/\/www.kolios.gr\/en\/#organization","name":"KOLIOS S.A. Greek Dairy","url":"https:\/\/www.kolios.gr\/en\/","logo":{"@type":"ImageObject","inLanguage":"en-US","@id":"https:\/\/www.kolios.gr\/en\/#\/schema\/logo\/image\/","url":"https:\/\/www.kolios.gr\/wp-content\/uploads\/2018\/06\/KOLIOS-LOGO2-2.png","contentUrl":"https:\/\/www.kolios.gr\/wp-content\/uploads\/2018\/06\/KOLIOS-LOGO2-2.png","width":366,"height":130,"caption":"KOLIOS S.A. Greek Dairy"},"image":{"@id":"https:\/\/www.kolios.gr\/en\/#\/schema\/logo\/image\/"},"sameAs":["https:\/\/www.facebook.com\/KoliosGreekDairy\/","https:\/\/www.instagram.com\/kolios.gr\/","https:\/\/www.linkedin.com\/company\/kolios-s-a-"]}]}},"_links":{"self":[{"href":"https:\/\/www.kolios.gr\/en\/wp-json\/wp\/v2\/pages\/10082","targetHints":{"allow":["GET"]}}],"collection":[{"href":"https:\/\/www.kolios.gr\/en\/wp-json\/wp\/v2\/pages"}],"about":[{"href":"https:\/\/www.kolios.gr\/en\/wp-json\/wp\/v2\/types\/page"}],"author":[{"embeddable":true,"href":"https:\/\/www.kolios.gr\/en\/wp-json\/wp\/v2\/users\/1"}],"replies":[{"embeddable":true,"href":"https:\/\/www.kolios.gr\/en\/wp-json\/wp\/v2\/comments?post=10082"}],"version-history":[{"count":33,"href":"https:\/\/www.kolios.gr\/en\/wp-json\/wp\/v2\/pages\/10082\/revisions"}],"predecessor-version":[{"id":12484,"href":"https:\/\/www.kolios.gr\/en\/wp-json\/wp\/v2\/pages\/10082\/revisions\/12484"}],"wp:attachment":[{"href":"https:\/\/www.kolios.gr\/en\/wp-json\/wp\/v2\/media?parent=10082"}],"curies":[{"name":"wp","href":"https:\/\/api.w.org\/{rel}","templated":true}]}}